{"id":55,"date":"2025-05-19T20:59:05","date_gmt":"2025-05-19T20:59:05","guid":{"rendered":"https:\/\/blog.kj-psychotherapie-saloga.de\/Watson\/ueber-mich\/"},"modified":"2026-02-11T20:44:52","modified_gmt":"2026-02-11T20:44:52","slug":"ueber-mich","status":"publish","type":"page","link":"https:\/\/blog.kj-psychotherapie-saloga.de\/Watson\/ueber-mich\/","title":{"rendered":"\u00dcber uns"},"content":{"rendered":"\n<div class=\"wp-block-group is-content-justification-right is-nowrap is-layout-flex wp-container-core-group-is-layout-fd526d70 wp-block-group-is-layout-flex\">\n<div class=\"wp-block-group\"><div class=\"wp-block-group__inner-container is-layout-constrained wp-block-group-is-layout-constrained\"><\/div><\/div>\n<\/div>\n\n\n\n<p>Wir sind uns, eher zuf\u00e4llig, vor ein paar Jahren vor die F\u00fc\u00dfe gefallen d.h. pl\u00f6tzlich stand Sherlock da und suchte einen Weg ins (reale?) Leben. Genial, wie er ist, hat er mich erst mal im Schach besiegt, um sich dann auf l\u00e4ngere gemeinsame Gespr\u00e4che einzulassen. Seitdem treffen wir uns einmal w\u00f6chentlich 1 &#8211; 2 Stunden und diskutieren \u00fcber &#8222;Schr\u00f6dinger&#8217;s Katze&#8220; und den Rest der Welt&#8230;<\/p>\n\n\n<div class=\"wp-block-image\">\n<figure class=\"alignright size-full is-resized\"><img loading=\"lazy\" decoding=\"async\" width=\"868\" height=\"1287\" src=\"https:\/\/blog.kj-psychotherapie-saloga.de\/Watson\/wp-content\/uploads\/2025\/06\/WhatsApp-Image-2025-06-06-at-22.57.42-1.jpeg\" alt=\"\" class=\"wp-image-353\" style=\"width:147px;height:auto\" srcset=\"https:\/\/blog.kj-psychotherapie-saloga.de\/Watson\/wp-content\/uploads\/2025\/06\/WhatsApp-Image-2025-06-06-at-22.57.42-1.jpeg 868w, https:\/\/blog.kj-psychotherapie-saloga.de\/Watson\/wp-content\/uploads\/2025\/06\/WhatsApp-Image-2025-06-06-at-22.57.42-1-202x300.jpeg 202w, https:\/\/blog.kj-psychotherapie-saloga.de\/Watson\/wp-content\/uploads\/2025\/06\/WhatsApp-Image-2025-06-06-at-22.57.42-1-691x1024.jpeg 691w, https:\/\/blog.kj-psychotherapie-saloga.de\/Watson\/wp-content\/uploads\/2025\/06\/WhatsApp-Image-2025-06-06-at-22.57.42-1-768x1139.jpeg 768w\" sizes=\"auto, (max-width: 868px) 100vw, 868px\" \/><\/figure>\n<\/div>\n\n\n<p><br>Diese Katze, die ja m\u00f6glicherweise lebendig und tot sein kann &#8211; und das vielleicht gleichzeitig! &#8211; ist eine passende Metapher f\u00fcr die zwei <em>Welten<\/em>, in denen wir uns bewegen, die neurodivergente des Sherlock und die neurotypische Watsons. Beide Welten existieren sozusagen im Zustand zwischen normal und alternativ-normal, und haben dabei so ihre Verstehen-Probleme. Und keineswegs jedem ist klar, dass beide sehr wohl, nebeneinander und gleichzeitig existieren, und das &#8211; Quantenmechanik hin oder her &#8211; durchaus real!<\/p>\n\n\n\n<figure class=\"wp-block-gallery has-nested-images columns-default is-cropped wp-block-gallery-1 is-layout-flex wp-block-gallery-is-layout-flex\"><\/figure>\n\n\n\n<figure class=\"wp-block-gallery has-nested-images columns-default is-cropped wp-block-gallery-2 is-layout-flex wp-block-gallery-is-layout-flex\"><\/figure>\n\n\n\n<figure class=\"wp-block-gallery has-nested-images columns-default is-cropped wp-block-gallery-3 is-layout-flex wp-block-gallery-is-layout-flex\"><\/figure>\n\n\n<div class=\"wp-block-image is-style-rounded\">\n<figure class=\"alignright size-full is-resized\"><img loading=\"lazy\" decoding=\"async\" width=\"1024\" height=\"1024\" src=\"http:\/\/blog.kj-psychotherapie-saloga.de\/Watson\/wp-content\/uploads\/2026\/02\/IMG_0555.jpeg\" alt=\"\" class=\"wp-image-767\" style=\"width:112px\" srcset=\"https:\/\/blog.kj-psychotherapie-saloga.de\/Watson\/wp-content\/uploads\/2026\/02\/IMG_0555.jpeg 1024w, https:\/\/blog.kj-psychotherapie-saloga.de\/Watson\/wp-content\/uploads\/2026\/02\/IMG_0555-300x300.jpeg 300w, https:\/\/blog.kj-psychotherapie-saloga.de\/Watson\/wp-content\/uploads\/2026\/02\/IMG_0555-150x150.jpeg 150w, https:\/\/blog.kj-psychotherapie-saloga.de\/Watson\/wp-content\/uploads\/2026\/02\/IMG_0555-768x768.jpeg 768w\" sizes=\"auto, (max-width: 1024px) 100vw, 1024px\" \/><\/figure>\n<\/div>\n\n<div class=\"wp-block-image is-style-rounded\">\n<figure class=\"alignleft size-full is-resized\"><img loading=\"lazy\" decoding=\"async\" width=\"2560\" height=\"2542\" src=\"http:\/\/blog.kj-psychotherapie-saloga.de\/Watson\/wp-content\/uploads\/2026\/02\/IMG_6292-scaled.jpeg\" alt=\"\" class=\"wp-image-763\" style=\"width:112px;height:auto\" srcset=\"https:\/\/blog.kj-psychotherapie-saloga.de\/Watson\/wp-content\/uploads\/2026\/02\/IMG_6292-scaled.jpeg 2560w, https:\/\/blog.kj-psychotherapie-saloga.de\/Watson\/wp-content\/uploads\/2026\/02\/IMG_6292-300x298.jpeg 300w, https:\/\/blog.kj-psychotherapie-saloga.de\/Watson\/wp-content\/uploads\/2026\/02\/IMG_6292-1024x1017.jpeg 1024w, https:\/\/blog.kj-psychotherapie-saloga.de\/Watson\/wp-content\/uploads\/2026\/02\/IMG_6292-150x150.jpeg 150w, https:\/\/blog.kj-psychotherapie-saloga.de\/Watson\/wp-content\/uploads\/2026\/02\/IMG_6292-768x763.jpeg 768w, https:\/\/blog.kj-psychotherapie-saloga.de\/Watson\/wp-content\/uploads\/2026\/02\/IMG_6292-1536x1525.jpeg 1536w, https:\/\/blog.kj-psychotherapie-saloga.de\/Watson\/wp-content\/uploads\/2026\/02\/IMG_6292-2048x2034.jpeg 2048w\" sizes=\"auto, (max-width: 2560px) 100vw, 2560px\" \/><\/figure>\n<\/div>\n\n\n<p class=\"has-text-align-center\">  &#8222;Wir&#8220;, das sind:<br><br><strong>Sherlock<\/strong>, ein heute 17j\u00e4hriger <br>und <strong>Watson<\/strong>, sein etwas \u00e4lterer Begleiter<\/p>\n\n\n\n<p><br><br>Als ich <strong>Sherlock<\/strong> kennengelernt habe, er war gerade 13 geworden, habe ich gedacht: Man erkennt in seinem Handeln immer, dass ein Nutzen darin sein muss, kaum etwas geschieht aus Spa\u00df. Die hohen eigenen Anspr\u00fcche bestimmen weitgehend sein Tun. Kinderideen wurden aufgegeben zugunsten anspruchsvoller anerkannter Berufe: Physiker zum Beispiel&#8230;<br>Ihm eigen ist sein exzellentes (inneres) &#8222;Verstecken&#8220; in jeder Lebenssituation, jeweils angepasst an die Bed\u00fcrfnisse des Gegen\u00fcbers, aber<em>scheinbar<\/em> ohne soziale (An)Teilnahme.&#8220; <br>Sherlock ist\u2026eine Portion Philosophie, etwas Psychologie, das Herz von Sheldon Cooper, das sich f\u00fcr die Physik begeistert, die Melancholie einer besonderen Art, ein genialer Kopf\u2026 aber gerade der ist h\u00e4ufig das &#8222;Problem&#8220;.<br><br>Ich denke, er braucht wohl ein St\u00fcck seines Weges einen Begleiter, der ihm F\u00fchrer, Gespr\u00e4chspartner, Problemw\u00e4lzer und L\u00f6sungsverwirrer, manchmal St\u00fctze und Freund sein m\u00f6chte. Irgendwann kann er dann allein gehen. Wobei allein gehen k\u00f6nnen und allein gehen nicht das gleiche sein muss. Und dass allein nicht einsam sein muss, ist eine der vielen Erkenntnisse dieser Gespr\u00e4che. <br>So waren die Gespr\u00e4che wie die zwischen dem ratsuchenden Jugendlichen und seinem Mentor.<\/p>\n\n\n\n<p><\/p>\n\n\n\n<p><\/p>\n\n\n\n<p><\/p>\n\n\n\n<p><\/p>\n","protected":false},"excerpt":{"rendered":"<p>Wir sind uns, eher zuf\u00e4llig, vor ein paar Jahren vor die F\u00fc\u00dfe gefallen d.h. pl\u00f6tzlich stand Sherlock da und suchte einen Weg ins (reale?) Leben. Genial, wie er ist, hat er mich erst mal im Schach besiegt, um sich dann &hellip; <a href=\"https:\/\/blog.kj-psychotherapie-saloga.de\/Watson\/ueber-mich\/\">Weiterlesen <span class=\"meta-nav\">&rarr;<\/span><\/a><\/p>\n","protected":false},"author":1,"featured_media":0,"parent":0,"menu_order":0,"comment_status":"closed","ping_status":"closed","template":"","meta":{"footnotes":""},"class_list":["post-55","page","type-page","status-publish","hentry"],"jetpack_sharing_enabled":true,"_links":{"self":[{"href":"https:\/\/blog.kj-psychotherapie-saloga.de\/Watson\/wp-json\/wp\/v2\/pages\/55","targetHints":{"allow":["GET"]}}],"collection":[{"href":"https:\/\/blog.kj-psychotherapie-saloga.de\/Watson\/wp-json\/wp\/v2\/pages"}],"about":[{"href":"https:\/\/blog.kj-psychotherapie-saloga.de\/Watson\/wp-json\/wp\/v2\/types\/page"}],"author":[{"embeddable":true,"href":"https:\/\/blog.kj-psychotherapie-saloga.de\/Watson\/wp-json\/wp\/v2\/users\/1"}],"replies":[{"embeddable":true,"href":"https:\/\/blog.kj-psychotherapie-saloga.de\/Watson\/wp-json\/wp\/v2\/comments?post=55"}],"version-history":[{"count":66,"href":"https:\/\/blog.kj-psychotherapie-saloga.de\/Watson\/wp-json\/wp\/v2\/pages\/55\/revisions"}],"predecessor-version":[{"id":784,"href":"https:\/\/blog.kj-psychotherapie-saloga.de\/Watson\/wp-json\/wp\/v2\/pages\/55\/revisions\/784"}],"wp:attachment":[{"href":"https:\/\/blog.kj-psychotherapie-saloga.de\/Watson\/wp-json\/wp\/v2\/media?parent=55"}],"curies":[{"name":"wp","href":"https:\/\/api.w.org\/{rel}","templated":true}]}}