{"id":164,"date":"2025-05-21T10:58:51","date_gmt":"2025-05-21T10:58:51","guid":{"rendered":"https:\/\/blog.kj-psychotherapie-saloga.de\/Watson\/silverstorm\/"},"modified":"2025-07-06T06:37:58","modified_gmt":"2025-07-06T06:37:58","slug":"neurodivers-criminology","status":"publish","type":"page","link":"https:\/\/blog.kj-psychotherapie-saloga.de\/Watson\/","title":{"rendered":"Neurodiverse Criminology"},"content":{"rendered":"\n<p><\/p>\n\n\n\n<p>Treten Sie n\u00e4her, hier werden Sie Zeuge einer gesellschaftlichen (Ver-) Wandlung. <br>Neurotypischem und neurodiversem Denken wird in guter Sherlock-Holmes-Manier nachgesp\u00fcrt, Erlebnisse und Erfahrungen, Spannendes und Kurioses k\u00f6nnen Sie hier finden.<\/p>\n\n\n\n<p>Der Autor dieser Zeilen betrachtet sich, als eine Art &#8222;<em>Watson<\/em>&#8220; &#8230; f\u00fcr einen &#8222;<em>Sherlock<\/em>&#8220; , der anders, aber doch auch dem literarischen Vorbild in Vielem sehr \u00e4hnlich ist. Watson fungiert &#8211; wie ja auch in der Literatur &#8211; als Berichterstatter und &#8222;Link&#8220; zum t\u00e4glichen Leben&#8230;<\/p>\n\n\n\n<figure class=\"wp-block-image is-resized\"><img loading=\"lazy\" decoding=\"async\" width=\"620\" height=\"330\" src=\"http:\/\/blog.kj-psychotherapie-saloga.de\/Watson\/wp-content\/uploads\/2025\/05\/Bild.jpeg\" alt=\"\" class=\"wp-image-269\" style=\"width:450px;height:auto\" srcset=\"https:\/\/blog.kj-psychotherapie-saloga.de\/Watson\/wp-content\/uploads\/2025\/05\/Bild.jpeg 620w, https:\/\/blog.kj-psychotherapie-saloga.de\/Watson\/wp-content\/uploads\/2025\/05\/Bild-300x160.jpeg 300w\" sizes=\"auto, (max-width: 620px) 100vw, 620px\" \/><\/figure>\n\n\n\n<p><\/p>\n\n\n\n<p>&#8230;und im <em>Blog<\/em> schreibt er \u00fcber die gemeinsamen Gespr\u00e4che, oder doch zumindest den gr\u00f6\u00dften Teil davon.<\/p>\n\n\n\n<p>Folgen Sie Sherlock und Watson im &#8222;Blog&#8220; auf ihren Wegen durch Verwicklungen menschlicher Zul\u00e4nglichkeiten, auf Schleichwegen, auf breiten Stra\u00dfen, durch Gestr\u00fcpp und Unterholz&#8230;<br>Unter &#8222;Gedanken&#8220; finden Sie etwas zu ernsthafter Auseinandersetzung mit dem Thema Neurodiversit\u00e4t, insbesondere Autismus.<br><\/p>\n","protected":false},"excerpt":{"rendered":"<p>Treten Sie n\u00e4her, hier werden Sie Zeuge einer gesellschaftlichen (Ver-) Wandlung. Neurotypischem und neurodiversem Denken wird in guter Sherlock-Holmes-Manier nachgesp\u00fcrt, Erlebnisse und Erfahrungen, Spannendes und Kurioses k\u00f6nnen Sie hier finden. Der Autor dieser Zeilen betrachtet sich, als eine Art &#8222;Watson&#8220; &hellip; <a href=\"https:\/\/blog.kj-psychotherapie-saloga.de\/Watson\/\">Weiterlesen <span class=\"meta-nav\">&rarr;<\/span><\/a><\/p>\n","protected":false},"author":1,"featured_media":0,"parent":0,"menu_order":0,"comment_status":"closed","ping_status":"closed","template":"","meta":{"footnotes":""},"class_list":["post-164","page","type-page","status-publish","hentry"],"jetpack_sharing_enabled":true,"_links":{"self":[{"href":"https:\/\/blog.kj-psychotherapie-saloga.de\/Watson\/wp-json\/wp\/v2\/pages\/164","targetHints":{"allow":["GET"]}}],"collection":[{"href":"https:\/\/blog.kj-psychotherapie-saloga.de\/Watson\/wp-json\/wp\/v2\/pages"}],"about":[{"href":"https:\/\/blog.kj-psychotherapie-saloga.de\/Watson\/wp-json\/wp\/v2\/types\/page"}],"author":[{"embeddable":true,"href":"https:\/\/blog.kj-psychotherapie-saloga.de\/Watson\/wp-json\/wp\/v2\/users\/1"}],"replies":[{"embeddable":true,"href":"https:\/\/blog.kj-psychotherapie-saloga.de\/Watson\/wp-json\/wp\/v2\/comments?post=164"}],"version-history":[{"count":30,"href":"https:\/\/blog.kj-psychotherapie-saloga.de\/Watson\/wp-json\/wp\/v2\/pages\/164\/revisions"}],"predecessor-version":[{"id":537,"href":"https:\/\/blog.kj-psychotherapie-saloga.de\/Watson\/wp-json\/wp\/v2\/pages\/164\/revisions\/537"}],"wp:attachment":[{"href":"https:\/\/blog.kj-psychotherapie-saloga.de\/Watson\/wp-json\/wp\/v2\/media?parent=164"}],"curies":[{"name":"wp","href":"https:\/\/api.w.org\/{rel}","templated":true}]}}